{"id":535,"date":"2023-07-30T11:13:53","date_gmt":"2023-07-30T11:13:53","guid":{"rendered":"http:\/\/www.vocesdelaescena.es\/?page_id=535"},"modified":"2023-09-08T14:58:57","modified_gmt":"2023-09-08T14:58:57","slug":"un-podcast-de-teatro","status":"publish","type":"page","link":"https:\/\/www.vocesdelaescena.es\/","title":{"rendered":"Un podcast para amantes del teatro&#8230;"},"content":{"rendered":"\n<p><\/p>\n\n\n\n<p><strong>Bienvenidos<\/strong> a la web del programa&nbsp;<em>Voces de la escena espa\u00f1ola<\/em>, un espacio en el que os contamos fascinantes historias de gentes del teatro de anta\u00f1o bas\u00e1ndonos en&nbsp;el gran n\u00famero de&nbsp;registros sonoros que impresionaron durante los primeros a\u00f1os de la difusi\u00f3n comercial de la fonograf\u00eda, y que ahora reproducimos con nuestros aparatos a manivela desde sus formatos originales: <strong>cilindros de cera <\/strong>para fon\u00f3grafo <strong>y discos de pizarra <\/strong>para gram\u00f3fono a 78rpm.<\/p>\n\n\n\n<p>Un programa escrito y presentado por el director de escena <strong><a href=\"https:\/\/academiadelasartesescenicas.es\/eduardo-vasco\/\">Eduardo Vasco<\/a><\/strong> \u2014el Indiana Jones del recitado fonogr\u00e1fico\u2014 que, vali\u00e9ndose de su excepcional archivo sonoro y documental (reunido audazmente desde sus mocedades teatrales) narra las fascinantes aventuras de aquellos seres esc\u00e9nicos que, no solo fueron \u00eddolos sobre las tablas, sino que frecuentaban generosamente los gabinetes fonogr\u00e1ficos de la \u00e9poca dejando as\u00ed un testimonio imperecedero de su arte.<\/p>\n\n\n<div class=\"wp-block-image\">\n<figure class=\"aligncenter size-large is-resized\"><img loading=\"lazy\" decoding=\"async\" src=\"https:\/\/www.vocesdelaescena.es\/wp-content\/uploads\/2023\/08\/VEE_logo-1024x601.png\" alt=\"\" class=\"wp-image-1463\" style=\"width:430px;height:251px\" width=\"430\" height=\"251\" srcset=\"https:\/\/www.vocesdelaescena.es\/wp-content\/uploads\/2023\/08\/VEE_logo-1024x601.png 1024w, https:\/\/www.vocesdelaescena.es\/wp-content\/uploads\/2023\/08\/VEE_logo-300x176.png 300w, https:\/\/www.vocesdelaescena.es\/wp-content\/uploads\/2023\/08\/VEE_logo.png 1280w\" sizes=\"auto, (max-width: 430px) 100vw, 430px\" \/><\/figure>\n<\/div>\n\n\n<p class=\"has-text-align-center\" style=\"font-size:27px\">\u00a1Escucha la <strong>Primera Temporada<\/strong>!<\/p>\n\n\n\n<div style=\"height:100px\" aria-hidden=\"true\" class=\"wp-block-spacer\"><\/div>\n\n\n<p class=\"fonts-plugin-block \" style=\"font-size: 22px\">Episodio 1: <strong>Bonifacio Pinedo<\/strong><\/p>\n\n\n<iframe frameborder='0' allowfullscreen='' scrolling='no' height='200' style='width:100%;' src='https:\/\/www.ivoox.com\/player_ej_114822512_6_1.html?c1=9b6d3a' loading='lazy'><\/iframe>\n\n\n\n<hr class=\"wp-block-separator has-alpha-channel-opacity\"\/>\n\n\n<p class=\"fonts-plugin-block \" style=\"font-size: 22px\">Episodio 2: <strong>Joaquina Pino y Araceli S\u00e1nchez Imaz<\/strong><\/p>\n\n\n<iframe frameborder='0' allowfullscreen='' scrolling='no' height='200' style='width:100%;' src='https:\/\/www.ivoox.com\/player_ej_114824375_6_1.html?c1=9b6d3a' loading='lazy'><\/iframe>\n\n\n\n<hr class=\"wp-block-separator has-alpha-channel-opacity\"\/>\n\n\n<p class=\"fonts-plugin-block \" style=\"font-size: 22px\">Episodio 3: <strong>Francisco Morano<\/strong><\/p>\n\n\n<iframe frameborder='0' allowfullscreen='' scrolling='no' height='200' style='width:100%;' src='https:\/\/www.ivoox.com\/player_ej_114828537_6_1.html?c1=9b6d3a' loading='lazy'><\/iframe>\n\n\n\n<hr class=\"wp-block-separator has-alpha-channel-opacity\"\/>\n\n\n<p class=\"fonts-plugin-block \" style=\"font-size: 22px\">Episodio 4: <strong>Francisco Barraycoa y Samuel Crespo<\/strong><\/p>\n\n\n<iframe frameborder='0' allowfullscreen='' scrolling='no' height='200' style='width:100%;' src='https:\/\/www.ivoox.com\/player_ej_114828854_6_1.html?c1=9b6d3a' loading='lazy'><\/iframe>\n\n\n\n<hr class=\"wp-block-separator has-alpha-channel-opacity\"\/>\n\n\n<p class=\"fonts-plugin-block \" style=\"font-size: 22px\">Episodio 5:<strong> Casimiro Ortas (I)<\/strong><\/p>\n\n\n<iframe frameborder='0' allowfullscreen='' scrolling='no' height='200' style='width:100%;' src='https:\/\/www.ivoox.com\/player_ej_114829175_6_1.html?c1=9b6d3a' loading='lazy'><\/iframe>\n\n\n\n<hr class=\"wp-block-separator has-alpha-channel-opacity\"\/>\n\n\n<p class=\"fonts-plugin-block \" style=\"font-size: 22px\">Episodio 6: <strong>Casimiro Ortas (II)<\/strong><\/p>\n\n\n<iframe frameborder='0' allowfullscreen='' scrolling='no' height='200' style='width:100%;' src='https:\/\/www.ivoox.com\/player_ej_114829381_6_1.html?c1=9b6d3a' loading='lazy'><\/iframe>\n\n\n<p class=\"fonts-plugin-block \" style=\"font-size: 22px\">Episodio 7: <strong>Carlos Allen Perkins: El verso cl\u00e1sico I<\/strong><\/p>\n\n\n<hr class=\"wp-block-separator has-alpha-channel-opacity\"\/>\n\n\n\n<iframe frameborder='0' allowfullscreen='' scrolling='no' height='200' style='width:100%;' src='https:\/\/www.ivoox.com\/player_ej_114829947_6_1.html?c1=9b6d3a' loading='lazy'><\/iframe>\n\n\n\n<hr class=\"wp-block-separator has-alpha-channel-opacity\"\/>\n\n\n<p class=\"fonts-plugin-block \" style=\"font-size: 22px\">Episodio 8: <strong>Carmen Ruiz Moragas: El verso cl\u00e1sico II<\/strong><\/p>\n\n\n<iframe frameborder='0' allowfullscreen='' scrolling='no' height='200' style='width:100%;' src='https:\/\/www.ivoox.com\/player_ej_114830138_6_1.html?c1=9b6d3a' loading='lazy'><\/iframe>\n\n\n\n<hr class=\"wp-block-separator has-alpha-channel-opacity\"\/>\n\n\n<p class=\"fonts-plugin-block \" style=\"font-size: 22px\">Episodio 9: <strong>Ricardo Calvo (I).  El verso cl\u00e1sico III<\/strong><\/p>\n\n\n<iframe frameborder='0' allowfullscreen='' scrolling='no' height='200' style='width:100%;' src='https:\/\/www.ivoox.com\/player_ej_114830253_6_1.html?c1=9b6d3a' loading='lazy'><\/iframe>\n\n\n\n<hr class=\"wp-block-separator has-alpha-channel-opacity\"\/>\n\n\n<p class=\"fonts-plugin-block \" style=\"font-size: 22px;line-height: 1\">Episodio 10: <strong>Ricardo Calvo (II). El verso cl\u00e1sico IV<\/strong><\/p>\n\n\n<iframe frameborder='0' allowfullscreen='' scrolling='no' height='200' style='width:100%;' src='https:\/\/www.ivoox.com\/player_ej_114830543_6_1.html?c1=9b6d3a' loading='lazy'><\/iframe>\n\n\n\n<hr class=\"wp-block-separator has-alpha-channel-opacity\"\/>\n\n\n<p class=\"fonts-plugin-block \" style=\"font-size: 22px\">\u00a1Episodio extra final de temporada! <br><strong><em>La vida es sue\u00f1o:<\/em> sus grabaciones (1905-1930)<\/strong><br><strong>El verso cl\u00e1sico V<\/strong><\/p>\n\n\n<iframe frameborder='0' allowfullscreen='' scrolling='no' height='200' style='width:100%;' src='https:\/\/www.ivoox.com\/player_ej_114830774_6_1.html?c1=9b6d3a' loading='lazy'><\/iframe>\n\n\n\n<hr class=\"wp-block-separator has-alpha-channel-opacity\"\/>\n\n\n\n<div style=\"height:64px\" aria-hidden=\"true\" class=\"wp-block-spacer\"><\/div>\n\n\n<p class=\"fonts-plugin-block \" style=\"font-size: 22px;text-align: center\"><strong>\u00a1Tambi\u00e9n en Spotify!<\/strong><\/p>\n\n<div class=\"wp-block-image\">\n<figure class=\"aligncenter size-full is-resized\"><a href=\"https:\/\/open.spotify.com\/show\/5fh4J0pKQhdnkRX9SeTUnJ\"><img loading=\"lazy\" decoding=\"async\" src=\"https:\/\/www.vocesdelaescena.es\/wp-content\/uploads\/2023\/09\/Spotify_logo_without_text.svg_.png\" alt=\"\" class=\"wp-image-2364\" style=\"width:82px;height:82px\" width=\"82\" height=\"82\" srcset=\"https:\/\/www.vocesdelaescena.es\/wp-content\/uploads\/2023\/09\/Spotify_logo_without_text.svg_.png 336w, https:\/\/www.vocesdelaescena.es\/wp-content\/uploads\/2023\/09\/Spotify_logo_without_text.svg_-300x300.png 300w, https:\/\/www.vocesdelaescena.es\/wp-content\/uploads\/2023\/09\/Spotify_logo_without_text.svg_-150x150.png 150w, https:\/\/www.vocesdelaescena.es\/wp-content\/uploads\/2023\/09\/Spotify_logo_without_text.svg_-100x100.png 100w\" sizes=\"auto, (max-width: 82px) 100vw, 82px\" \/><\/a><\/figure>\n<\/div>\n\n\n<figure class=\"wp-block-embed is-type-rich is-provider-spotify wp-block-embed-spotify wp-embed-aspect-21-9 wp-has-aspect-ratio\"><div class=\"wp-block-embed__wrapper\">\n<iframe title=\"Spotify Embed: Voces de la escena espa\u00f1ola (1898-1936)\" style=\"border-radius: 12px\" width=\"100%\" height=\"152\" frameborder=\"0\" allowfullscreen allow=\"autoplay; clipboard-write; encrypted-media; fullscreen; picture-in-picture\" loading=\"lazy\" src=\"https:\/\/open.spotify.com\/embed\/show\/5fh4J0pKQhdnkRX9SeTUnJ?utm_source=oembed\"><\/iframe>\n<\/div><\/figure>\n\n\n\n<div style=\"height:100px\" aria-hidden=\"true\" class=\"wp-block-spacer\"><\/div>\n\n\n\n<figure class=\"wp-block-image size-large\"><img loading=\"lazy\" decoding=\"async\" width=\"1024\" height=\"833\" src=\"https:\/\/www.vocesdelaescena.es\/wp-content\/uploads\/2023\/07\/Sueltas-y-Cajas-1024x833.jpg\" alt=\"\" class=\"wp-image-538\" srcset=\"https:\/\/www.vocesdelaescena.es\/wp-content\/uploads\/2023\/07\/Sueltas-y-Cajas-1024x833.jpg 1024w, https:\/\/www.vocesdelaescena.es\/wp-content\/uploads\/2023\/07\/Sueltas-y-Cajas-300x244.jpg 300w, https:\/\/www.vocesdelaescena.es\/wp-content\/uploads\/2023\/07\/Sueltas-y-Cajas-768x625.jpg 768w, https:\/\/www.vocesdelaescena.es\/wp-content\/uploads\/2023\/07\/Sueltas-y-Cajas-1536x1250.jpg 1536w, https:\/\/www.vocesdelaescena.es\/wp-content\/uploads\/2023\/07\/Sueltas-y-Cajas-2048x1667.jpg 2048w\" sizes=\"auto, (max-width: 767px) 89vw, (max-width: 1000px) 54vw, (max-width: 1071px) 543px, 580px\" \/><\/figure>\n\n\n\n<hr class=\"wp-block-separator has-alpha-channel-opacity\"\/>\n\n\n\n<div style=\"height:100px\" aria-hidden=\"true\" class=\"wp-block-spacer\"><\/div>\n\n\n<p class=\"fonts-plugin-block \" style=\"font-size: 27px;text-align: center\">Un programa que dejar\u00e1 tus chacras teatrales&#8230;.  <strong>       \u00a1Hechos fosfatina!<\/strong><\/p>\n\n\n<div style=\"height:38px\" aria-hidden=\"true\" class=\"wp-block-spacer\"><\/div>\n\n\n\n<p>Escucha ya la primera temporada, que siempre arranca con nuestra alegre cabecera: la marcha \u00abTom-Tit\u00bb, registrada por el <strong>Quinteto Jord\u00e1 Rocabruna<\/strong> en 1913 en un cilindro Edison Blue-Amberol&#8230;<\/p>\n\n\n\n<div class=\"wp-block-group\"><div class=\"wp-block-group__inner-container is-layout-constrained wp-block-group-is-layout-constrained\">\n<div class=\"wp-block-columns is-layout-flex wp-container-core-columns-is-layout-9d6595d7 wp-block-columns-is-layout-flex\">\n<div class=\"wp-block-column is-layout-flow wp-block-column-is-layout-flow\"><div class=\"wp-block-image\">\n<figure class=\"aligncenter size-large is-resized\"><img loading=\"lazy\" decoding=\"async\" src=\"https:\/\/www.vocesdelaescena.es\/wp-content\/uploads\/2023\/08\/Cilindro-Edison-Azul-895x1024.jpg\" alt=\"\" class=\"wp-image-1175\" style=\"width:376px;height:430px\" width=\"376\" height=\"430\" srcset=\"https:\/\/www.vocesdelaescena.es\/wp-content\/uploads\/2023\/08\/Cilindro-Edison-Azul-895x1024.jpg 895w, https:\/\/www.vocesdelaescena.es\/wp-content\/uploads\/2023\/08\/Cilindro-Edison-Azul-262x300.jpg 262w, https:\/\/www.vocesdelaescena.es\/wp-content\/uploads\/2023\/08\/Cilindro-Edison-Azul-768x879.jpg 768w, https:\/\/www.vocesdelaescena.es\/wp-content\/uploads\/2023\/08\/Cilindro-Edison-Azul-1342x1536.jpg 1342w, https:\/\/www.vocesdelaescena.es\/wp-content\/uploads\/2023\/08\/Cilindro-Edison-Azul-1790x2048.jpg 1790w\" sizes=\"auto, (max-width: 376px) 100vw, 376px\" \/><\/figure>\n<\/div><\/div>\n<\/div>\n<\/div><\/div>\n\n\n\n<p>&#8230;reproducido en nuestro vistoso fon\u00f3grafo, tambi\u00e9n de la marca <strong>Edison<\/strong>; un Fireside (modelo A) de 1909. <\/p>\n\n\n<div class=\"wp-block-image\">\n<figure class=\"aligncenter size-large is-resized\"><img loading=\"lazy\" decoding=\"async\" src=\"https:\/\/www.vocesdelaescena.es\/wp-content\/uploads\/2023\/05\/Fono-perfil-izquierdo-1024x768.jpg\" alt=\"\" class=\"wp-image-520\" style=\"width:606px;height:455px\" width=\"606\" height=\"455\" srcset=\"https:\/\/www.vocesdelaescena.es\/wp-content\/uploads\/2023\/05\/Fono-perfil-izquierdo-1024x768.jpg 1024w, https:\/\/www.vocesdelaescena.es\/wp-content\/uploads\/2023\/05\/Fono-perfil-izquierdo-300x225.jpg 300w, https:\/\/www.vocesdelaescena.es\/wp-content\/uploads\/2023\/05\/Fono-perfil-izquierdo-768x576.jpg 768w, https:\/\/www.vocesdelaescena.es\/wp-content\/uploads\/2023\/05\/Fono-perfil-izquierdo-1536x1152.jpg 1536w, https:\/\/www.vocesdelaescena.es\/wp-content\/uploads\/2023\/05\/Fono-perfil-izquierdo-2048x1536.jpg 2048w\" sizes=\"auto, (max-width: 606px) 100vw, 606px\" \/><figcaption class=\"wp-element-caption\">Edison Fireside (modelo \u00abA\u00bb de 1909)<\/figcaption><\/figure>\n<\/div>\n\n\n<hr class=\"wp-block-separator has-alpha-channel-opacity\"\/>\n\n\n\n<figure class=\"wp-block-image size-large\"><img loading=\"lazy\" decoding=\"async\" width=\"1024\" height=\"601\" src=\"https:\/\/www.vocesdelaescena.es\/wp-content\/uploads\/2023\/08\/VEE_logo-1024x601.png\" alt=\"\" class=\"wp-image-1463\" srcset=\"https:\/\/www.vocesdelaescena.es\/wp-content\/uploads\/2023\/08\/VEE_logo-1024x601.png 1024w, https:\/\/www.vocesdelaescena.es\/wp-content\/uploads\/2023\/08\/VEE_logo-300x176.png 300w, https:\/\/www.vocesdelaescena.es\/wp-content\/uploads\/2023\/08\/VEE_logo-768x451.png 768w, https:\/\/www.vocesdelaescena.es\/wp-content\/uploads\/2023\/08\/VEE_logo.png 1280w\" sizes=\"auto, (max-width: 767px) 89vw, (max-width: 1000px) 54vw, (max-width: 1071px) 543px, 580px\" \/><\/figure>\n\n\n\n<p class=\"has-text-align-center\" style=\"font-size:30px\"><strong>\u00a1Aqu\u00ed damos cuerda a la far\u00e1ndula!<\/strong><\/p>\n\n\n\n<div style=\"height:100px\" aria-hidden=\"true\" class=\"wp-block-spacer\"><\/div>\n\n\n\n<div class=\"wp-block-columns is-layout-flex wp-container-core-columns-is-layout-9d6595d7 wp-block-columns-is-layout-flex\">\n<div class=\"wp-block-column is-layout-flow wp-block-column-is-layout-flow\">\n<p>&lt;&lt;<a href=\"https:\/\/www.vocesdelaescena.es\/index.php\/el-proyecto\/\"><strong>El proyecto<\/strong>. <\/a>   <a href=\"https:\/\/www.vocesdelaescena.es\/index.php\/el-proyecto\/\"><img loading=\"lazy\" decoding=\"async\" width=\"80\" height=\"75\" class=\"wp-image-1479\" style=\"width: 80px;\" src=\"https:\/\/www.vocesdelaescena.es\/wp-content\/uploads\/2023\/08\/GCarlos.jpg\" alt=\"\" srcset=\"https:\/\/www.vocesdelaescena.es\/wp-content\/uploads\/2023\/08\/GCarlos.jpg 2489w, https:\/\/www.vocesdelaescena.es\/wp-content\/uploads\/2023\/08\/GCarlos-300x280.jpg 300w, https:\/\/www.vocesdelaescena.es\/wp-content\/uploads\/2023\/08\/GCarlos-1024x957.jpg 1024w, https:\/\/www.vocesdelaescena.es\/wp-content\/uploads\/2023\/08\/GCarlos-768x718.jpg 768w, https:\/\/www.vocesdelaescena.es\/wp-content\/uploads\/2023\/08\/GCarlos-1536x1435.jpg 1536w, https:\/\/www.vocesdelaescena.es\/wp-content\/uploads\/2023\/08\/GCarlos-2048x1914.jpg 2048w\" sizes=\"auto, (max-width: 80px) 100vw, 80px\" \/><\/a><\/p>\n<\/div>\n\n\n\n<div class=\"wp-block-column is-layout-flow wp-block-column-is-layout-flow\">\n<p class=\"has-text-align-right\"><a href=\"https:\/\/www.vocesdelaescena.es\/index.php\/episodios-de-la-primera-temporada\/\"><img loading=\"lazy\" decoding=\"async\" width=\"75\" height=\"70\" class=\"wp-image-1466\" style=\"width: 75px;\" src=\"https:\/\/www.vocesdelaescena.es\/wp-content\/uploads\/2023\/08\/GCarlos-volteado.jpg\" alt=\"\" srcset=\"https:\/\/www.vocesdelaescena.es\/wp-content\/uploads\/2023\/08\/GCarlos-volteado.jpg 2489w, https:\/\/www.vocesdelaescena.es\/wp-content\/uploads\/2023\/08\/GCarlos-volteado-300x280.jpg 300w, https:\/\/www.vocesdelaescena.es\/wp-content\/uploads\/2023\/08\/GCarlos-volteado-1024x957.jpg 1024w, https:\/\/www.vocesdelaescena.es\/wp-content\/uploads\/2023\/08\/GCarlos-volteado-768x718.jpg 768w, https:\/\/www.vocesdelaescena.es\/wp-content\/uploads\/2023\/08\/GCarlos-volteado-1536x1435.jpg 1536w, https:\/\/www.vocesdelaescena.es\/wp-content\/uploads\/2023\/08\/GCarlos-volteado-2048x1914.jpg 2048w\" sizes=\"auto, (max-width: 75px) 100vw, 75px\" \/> <\/a><strong><a href=\"https:\/\/www.vocesdelaescena.es\/index.php\/episodios-de-la-primera-temporada\/\">Episodios y contextos<\/a><\/strong>&gt;&gt;<\/p>\n<\/div>\n<\/div>\n","protected":false},"excerpt":{"rendered":"<p>Bienvenidos a la web del programa&nbsp;Voces de la escena espa\u00f1ola, un espacio en el que os contamos fascinantes historias de gentes del teatro de anta\u00f1o bas\u00e1ndonos en&nbsp;el gran n\u00famero de&nbsp;registros sonoros que impresionaron durante los primeros a\u00f1os de la difusi\u00f3n comercial de la fonograf\u00eda, y que ahora reproducimos con nuestros aparatos a manivela desde sus &hellip; <\/p>\n<p class=\"link-more\"><a href=\"https:\/\/www.vocesdelaescena.es\/\" class=\"more-link\">Continuar leyendo<span class=\"screen-reader-text\"> \u00abUn podcast para amantes del teatro&#8230;\u00bb<\/span><\/a><\/p>\n","protected":false},"author":1,"featured_media":0,"parent":0,"menu_order":0,"comment_status":"closed","ping_status":"closed","template":"","meta":{"footnotes":""},"class_list":["post-535","page","type-page","status-publish","hentry"],"aioseo_notices":[],"yoast_head":"<!-- This site is optimized with the Yoast SEO plugin v27.3 - https:\/\/yoast.com\/product\/yoast-seo-wordpress\/ -->\n<title>Un podcast para amantes del teatro... - Voces de la escena espa\u00f1ola (1898-1936)<\/title>\n<meta name=\"robots\" content=\"index, follow, max-snippet:-1, max-image-preview:large, max-video-preview:-1\" \/>\n<link rel=\"canonical\" href=\"https:\/\/www.vocesdelaescena.es\/\" \/>\n<meta property=\"og:locale\" content=\"es_ES\" \/>\n<meta property=\"og:type\" content=\"article\" \/>\n<meta property=\"og:title\" content=\"Un podcast para amantes del teatro... - Voces de la escena espa\u00f1ola (1898-1936)\" \/>\n<meta property=\"og:description\" content=\"Bienvenidos a la web del programa&nbsp;Voces de la escena espa\u00f1ola, un espacio en el que os contamos fascinantes historias de gentes del teatro de anta\u00f1o bas\u00e1ndonos en&nbsp;el gran n\u00famero de&nbsp;registros sonoros que impresionaron durante los primeros a\u00f1os de la difusi\u00f3n comercial de la fonograf\u00eda, y que ahora reproducimos con nuestros aparatos a manivela desde sus &hellip; Continuar leyendo &quot;Un podcast para amantes del teatro&#8230;&quot;\" \/>\n<meta property=\"og:url\" content=\"https:\/\/www.vocesdelaescena.es\/\" \/>\n<meta property=\"og:site_name\" content=\"Voces de la escena espa\u00f1ola (1898-1936)\" \/>\n<meta property=\"article:modified_time\" content=\"2023-09-08T14:58:57+00:00\" \/>\n<meta property=\"og:image\" content=\"http:\/\/www.vocesdelaescena.es\/wp-content\/uploads\/2023\/08\/VEE_logo-1024x601.png\" \/>\n<meta name=\"twitter:card\" content=\"summary_large_image\" \/>\n<meta name=\"twitter:label1\" content=\"Tiempo de lectura\" \/>\n\t<meta name=\"twitter:data1\" content=\"3 minutos\" \/>\n<script type=\"application\/ld+json\" class=\"yoast-schema-graph\">{\"@context\":\"https:\\\/\\\/schema.org\",\"@graph\":[{\"@type\":\"WebPage\",\"@id\":\"https:\\\/\\\/www.vocesdelaescena.es\\\/\",\"url\":\"https:\\\/\\\/www.vocesdelaescena.es\\\/\",\"name\":\"Un podcast para amantes del teatro... - Voces de la escena espa\u00f1ola (1898-1936)\",\"isPartOf\":{\"@id\":\"https:\\\/\\\/www.vocesdelaescena.es\\\/#website\"},\"primaryImageOfPage\":{\"@id\":\"https:\\\/\\\/www.vocesdelaescena.es\\\/#primaryimage\"},\"image\":{\"@id\":\"https:\\\/\\\/www.vocesdelaescena.es\\\/#primaryimage\"},\"thumbnailUrl\":\"http:\\\/\\\/www.vocesdelaescena.es\\\/wp-content\\\/uploads\\\/2023\\\/08\\\/VEE_logo-1024x601.png\",\"datePublished\":\"2023-07-30T11:13:53+00:00\",\"dateModified\":\"2023-09-08T14:58:57+00:00\",\"breadcrumb\":{\"@id\":\"https:\\\/\\\/www.vocesdelaescena.es\\\/#breadcrumb\"},\"inLanguage\":\"es\",\"potentialAction\":[{\"@type\":\"ReadAction\",\"target\":[\"https:\\\/\\\/www.vocesdelaescena.es\\\/\"]}]},{\"@type\":\"ImageObject\",\"inLanguage\":\"es\",\"@id\":\"https:\\\/\\\/www.vocesdelaescena.es\\\/#primaryimage\",\"url\":\"http:\\\/\\\/www.vocesdelaescena.es\\\/wp-content\\\/uploads\\\/2023\\\/08\\\/VEE_logo-1024x601.png\",\"contentUrl\":\"http:\\\/\\\/www.vocesdelaescena.es\\\/wp-content\\\/uploads\\\/2023\\\/08\\\/VEE_logo-1024x601.png\"},{\"@type\":\"BreadcrumbList\",\"@id\":\"https:\\\/\\\/www.vocesdelaescena.es\\\/#breadcrumb\",\"itemListElement\":[{\"@type\":\"ListItem\",\"position\":1,\"name\":\"Portada\",\"item\":\"https:\\\/\\\/www.vocesdelaescena.es\\\/\"},{\"@type\":\"ListItem\",\"position\":2,\"name\":\"Un podcast para amantes del teatro&#8230;\"}]},{\"@type\":\"WebSite\",\"@id\":\"https:\\\/\\\/www.vocesdelaescena.es\\\/#website\",\"url\":\"https:\\\/\\\/www.vocesdelaescena.es\\\/\",\"name\":\"Voces de la escena espa\u00f1ola (1898-1936)\",\"description\":\"Web del podcast de recitados de actores basado en la recuperaci\u00f3n y difusi\u00f3n del patrimonio teatral sonoro espa\u00f1ol registrado entre (1898-1936) que ha permanecido inexplicablemente oculto hasta hoy.\",\"publisher\":{\"@id\":\"https:\\\/\\\/www.vocesdelaescena.es\\\/#organization\"},\"alternateName\":\"Voces de la escena espa\u00f1ola\",\"potentialAction\":[{\"@type\":\"SearchAction\",\"target\":{\"@type\":\"EntryPoint\",\"urlTemplate\":\"https:\\\/\\\/www.vocesdelaescena.es\\\/?s={search_term_string}\"},\"query-input\":{\"@type\":\"PropertyValueSpecification\",\"valueRequired\":true,\"valueName\":\"search_term_string\"}}],\"inLanguage\":\"es\"},{\"@type\":\"Organization\",\"@id\":\"https:\\\/\\\/www.vocesdelaescena.es\\\/#organization\",\"name\":\"Voces de la escena espa\u00f1ola\",\"alternateName\":\"Voces de la escena espa\u00f1ola\",\"url\":\"https:\\\/\\\/www.vocesdelaescena.es\\\/\",\"logo\":{\"@type\":\"ImageObject\",\"inLanguage\":\"es\",\"@id\":\"https:\\\/\\\/www.vocesdelaescena.es\\\/#\\\/schema\\\/logo\\\/image\\\/\",\"url\":\"https:\\\/\\\/www.vocesdelaescena.es\\\/wp-content\\\/uploads\\\/2023\\\/08\\\/cropped-VEE_logo.png\",\"contentUrl\":\"https:\\\/\\\/www.vocesdelaescena.es\\\/wp-content\\\/uploads\\\/2023\\\/08\\\/cropped-VEE_logo.png\",\"width\":426,\"height\":250,\"caption\":\"Voces de la escena espa\u00f1ola\"},\"image\":{\"@id\":\"https:\\\/\\\/www.vocesdelaescena.es\\\/#\\\/schema\\\/logo\\\/image\\\/\"},\"sameAs\":[\"https:\\\/\\\/www.instagram.com\\\/vocesdelaescena\\\/\"]}]}<\/script>\n<!-- \/ Yoast SEO plugin. -->","yoast_head_json":{"title":"Un podcast para amantes del teatro... - Voces de la escena espa\u00f1ola (1898-1936)","robots":{"index":"index","follow":"follow","max-snippet":"max-snippet:-1","max-image-preview":"max-image-preview:large","max-video-preview":"max-video-preview:-1"},"canonical":"https:\/\/www.vocesdelaescena.es\/","og_locale":"es_ES","og_type":"article","og_title":"Un podcast para amantes del teatro... - Voces de la escena espa\u00f1ola (1898-1936)","og_description":"Bienvenidos a la web del programa&nbsp;Voces de la escena espa\u00f1ola, un espacio en el que os contamos fascinantes historias de gentes del teatro de anta\u00f1o bas\u00e1ndonos en&nbsp;el gran n\u00famero de&nbsp;registros sonoros que impresionaron durante los primeros a\u00f1os de la difusi\u00f3n comercial de la fonograf\u00eda, y que ahora reproducimos con nuestros aparatos a manivela desde sus &hellip; Continuar leyendo \"Un podcast para amantes del teatro&#8230;\"","og_url":"https:\/\/www.vocesdelaescena.es\/","og_site_name":"Voces de la escena espa\u00f1ola (1898-1936)","article_modified_time":"2023-09-08T14:58:57+00:00","og_image":[{"url":"http:\/\/www.vocesdelaescena.es\/wp-content\/uploads\/2023\/08\/VEE_logo-1024x601.png","type":"","width":"","height":""}],"twitter_card":"summary_large_image","twitter_misc":{"Tiempo de lectura":"3 minutos"},"schema":{"@context":"https:\/\/schema.org","@graph":[{"@type":"WebPage","@id":"https:\/\/www.vocesdelaescena.es\/","url":"https:\/\/www.vocesdelaescena.es\/","name":"Un podcast para amantes del teatro... - Voces de la escena espa\u00f1ola (1898-1936)","isPartOf":{"@id":"https:\/\/www.vocesdelaescena.es\/#website"},"primaryImageOfPage":{"@id":"https:\/\/www.vocesdelaescena.es\/#primaryimage"},"image":{"@id":"https:\/\/www.vocesdelaescena.es\/#primaryimage"},"thumbnailUrl":"http:\/\/www.vocesdelaescena.es\/wp-content\/uploads\/2023\/08\/VEE_logo-1024x601.png","datePublished":"2023-07-30T11:13:53+00:00","dateModified":"2023-09-08T14:58:57+00:00","breadcrumb":{"@id":"https:\/\/www.vocesdelaescena.es\/#breadcrumb"},"inLanguage":"es","potentialAction":[{"@type":"ReadAction","target":["https:\/\/www.vocesdelaescena.es\/"]}]},{"@type":"ImageObject","inLanguage":"es","@id":"https:\/\/www.vocesdelaescena.es\/#primaryimage","url":"http:\/\/www.vocesdelaescena.es\/wp-content\/uploads\/2023\/08\/VEE_logo-1024x601.png","contentUrl":"http:\/\/www.vocesdelaescena.es\/wp-content\/uploads\/2023\/08\/VEE_logo-1024x601.png"},{"@type":"BreadcrumbList","@id":"https:\/\/www.vocesdelaescena.es\/#breadcrumb","itemListElement":[{"@type":"ListItem","position":1,"name":"Portada","item":"https:\/\/www.vocesdelaescena.es\/"},{"@type":"ListItem","position":2,"name":"Un podcast para amantes del teatro&#8230;"}]},{"@type":"WebSite","@id":"https:\/\/www.vocesdelaescena.es\/#website","url":"https:\/\/www.vocesdelaescena.es\/","name":"Voces de la escena espa\u00f1ola (1898-1936)","description":"Web del podcast de recitados de actores basado en la recuperaci\u00f3n y difusi\u00f3n del patrimonio teatral sonoro espa\u00f1ol registrado entre (1898-1936) que ha permanecido inexplicablemente oculto hasta hoy.","publisher":{"@id":"https:\/\/www.vocesdelaescena.es\/#organization"},"alternateName":"Voces de la escena espa\u00f1ola","potentialAction":[{"@type":"SearchAction","target":{"@type":"EntryPoint","urlTemplate":"https:\/\/www.vocesdelaescena.es\/?s={search_term_string}"},"query-input":{"@type":"PropertyValueSpecification","valueRequired":true,"valueName":"search_term_string"}}],"inLanguage":"es"},{"@type":"Organization","@id":"https:\/\/www.vocesdelaescena.es\/#organization","name":"Voces de la escena espa\u00f1ola","alternateName":"Voces de la escena espa\u00f1ola","url":"https:\/\/www.vocesdelaescena.es\/","logo":{"@type":"ImageObject","inLanguage":"es","@id":"https:\/\/www.vocesdelaescena.es\/#\/schema\/logo\/image\/","url":"https:\/\/www.vocesdelaescena.es\/wp-content\/uploads\/2023\/08\/cropped-VEE_logo.png","contentUrl":"https:\/\/www.vocesdelaescena.es\/wp-content\/uploads\/2023\/08\/cropped-VEE_logo.png","width":426,"height":250,"caption":"Voces de la escena espa\u00f1ola"},"image":{"@id":"https:\/\/www.vocesdelaescena.es\/#\/schema\/logo\/image\/"},"sameAs":["https:\/\/www.instagram.com\/vocesdelaescena\/"]}]}},"_links":{"self":[{"href":"https:\/\/www.vocesdelaescena.es\/index.php\/wp-json\/wp\/v2\/pages\/535","targetHints":{"allow":["GET"]}}],"collection":[{"href":"https:\/\/www.vocesdelaescena.es\/index.php\/wp-json\/wp\/v2\/pages"}],"about":[{"href":"https:\/\/www.vocesdelaescena.es\/index.php\/wp-json\/wp\/v2\/types\/page"}],"author":[{"embeddable":true,"href":"https:\/\/www.vocesdelaescena.es\/index.php\/wp-json\/wp\/v2\/users\/1"}],"replies":[{"embeddable":true,"href":"https:\/\/www.vocesdelaescena.es\/index.php\/wp-json\/wp\/v2\/comments?post=535"}],"version-history":[{"count":140,"href":"https:\/\/www.vocesdelaescena.es\/index.php\/wp-json\/wp\/v2\/pages\/535\/revisions"}],"predecessor-version":[{"id":2366,"href":"https:\/\/www.vocesdelaescena.es\/index.php\/wp-json\/wp\/v2\/pages\/535\/revisions\/2366"}],"wp:attachment":[{"href":"https:\/\/www.vocesdelaescena.es\/index.php\/wp-json\/wp\/v2\/media?parent=535"}],"curies":[{"name":"wp","href":"https:\/\/api.w.org\/{rel}","templated":true}]}}